{"id":9,"date":"2017-01-31T14:31:49","date_gmt":"2017-01-31T13:31:49","guid":{"rendered":"http:\/\/www.mudokwan.at\/wordpress\/?page_id=9"},"modified":"2018-03-30T20:02:59","modified_gmt":"2018-03-30T18:02:59","slug":"kontakt","status":"publish","type":"page","link":"https:\/\/mudokwan.at\/wordpress\/kontakt\/","title":{"rendered":"Kontakt"},"content":{"rendered":"<p>Sobald wir unterwegs sind wird&#8217;s schwierig. Das normale Handy ist nicht erreichbar, da wir vermutlich jeweils lokale SIM Karten verwenden. Es ist angedacht, f\u00fcr Notf\u00e4lle ein Satellitentelefon mitzunehmen, allerdings ist das eine Preisfrage und muss erst abgekl\u00e4rt werden.<\/p>\n<p>Nat\u00fcrlich werden wir versuchen, regelm\u00e4\u00dfig per Internet diesen Blog upzudaten und von uns aus mit der Heimat Kontakt aufzunehmen. Bleibt wohl die beste M\u00f6glichkeit: ein Mail schicken: <a href=\"mailto:office@mudokwan.at\">office@mudokwan.at<\/a>. Je nach Internet-Verf\u00fcgbarkeit schauen wir da regelm\u00e4\u00dfig rein.<\/p>\n<p>Einen Kommentar im Blog abgeben w\u00e4re aber auch nicht schlecht \ud83d\ude42<\/p>\n","protected":false},"excerpt":{"rendered":"<p>Sobald wir unterwegs sind wird&#8217;s schwierig. Das normale Handy ist nicht erreichbar, da wir vermutlich jeweils lokale SIM Karten verwenden. Es ist angedacht, f\u00fcr Notf\u00e4lle ein Satellitentelefon mitzunehmen, allerdings ist das eine Preisfrage und muss erst abgekl\u00e4rt werden. Nat\u00fcrlich werden wir versuchen, regelm\u00e4\u00dfig per Internet diesen Blog upzudaten und von uns aus mit der Heimat &hellip; <\/p>\n<p class=\"link-more\"><a href=\"https:\/\/mudokwan.at\/wordpress\/kontakt\/\" class=\"more-link\"><span class=\"screen-reader-text\">\u201eKontakt\u201c <\/span>weiterlesen<\/a><\/p>\n","protected":false},"author":1,"featured_media":101,"parent":0,"menu_order":0,"comment_status":"closed","ping_status":"closed","template":"","meta":{"footnotes":""},"class_list":["post-9","page","type-page","status-publish","has-post-thumbnail","hentry"],"_links":{"self":[{"href":"https:\/\/mudokwan.at\/wordpress\/wp-json\/wp\/v2\/pages\/9","targetHints":{"allow":["GET"]}}],"collection":[{"href":"https:\/\/mudokwan.at\/wordpress\/wp-json\/wp\/v2\/pages"}],"about":[{"href":"https:\/\/mudokwan.at\/wordpress\/wp-json\/wp\/v2\/types\/page"}],"author":[{"embeddable":true,"href":"https:\/\/mudokwan.at\/wordpress\/wp-json\/wp\/v2\/users\/1"}],"replies":[{"embeddable":true,"href":"https:\/\/mudokwan.at\/wordpress\/wp-json\/wp\/v2\/comments?post=9"}],"version-history":[{"count":3,"href":"https:\/\/mudokwan.at\/wordpress\/wp-json\/wp\/v2\/pages\/9\/revisions"}],"predecessor-version":[{"id":181,"href":"https:\/\/mudokwan.at\/wordpress\/wp-json\/wp\/v2\/pages\/9\/revisions\/181"}],"wp:featuredmedia":[{"embeddable":true,"href":"https:\/\/mudokwan.at\/wordpress\/wp-json\/wp\/v2\/media\/101"}],"wp:attachment":[{"href":"https:\/\/mudokwan.at\/wordpress\/wp-json\/wp\/v2\/media?parent=9"}],"curies":[{"name":"wp","href":"https:\/\/api.w.org\/{rel}","templated":true}]}}