{"id":8,"date":"2017-01-31T14:31:49","date_gmt":"2017-01-31T13:31:49","guid":{"rendered":"http:\/\/www.mudokwan.at\/wordpress\/?page_id=8"},"modified":"2019-06-04T21:27:52","modified_gmt":"2019-06-04T19:27:52","slug":"ueber-mich","status":"publish","type":"page","link":"https:\/\/mudokwan.at\/wordpress\/ueber-mich\/","title":{"rendered":"\u00dcber uns &#8211; You Song und Norbert"},"content":{"rendered":"<p>Wir sind seit 1977 verheiratet und wohnen in Wien. Unsere zwei Kinder Sora und Viktor sind erwachsen und wir haben auch schon Enkelkinder. Meine Frau ist \u00c4rztin und seit einigen Jahren in Pension, betreibt aber eine private Akupunkturklinik weiter.<\/p>\n<p>Ich bin seit mehr als vierzig Jahren selbst\u00e4ndiger Taekwondo-Trainer und besitze eine private Sportschule. Da au\u00dfer mir auch noch einige andere Trainer dort t\u00e4tig sind k\u00f6nnen wir beide uns die Zeit nehmen, die eine solche Reise braucht.<\/p>\n<p>Schon immer waren wir viel unterwegs, auch als die Kinder noch klein waren. Die USA und der Ferne Osten waren dabei unsere bevorzugten Reiseziele. Viele Highlights sind uns dabei in Erinnerung: die vierw\u00f6chige Amerikadurchquerung mit dem Auto von New York nach Los Angeles, zwei Wochen mit einem Riesen-Motorhome durch den Westen der USA mit Durchquerung der Rocky Mountains und dem Besuch der ber\u00fchmten Nationalparks in Yosemite, Sequoya und Yellowstone, Florida bis hinunter nach Key West und nat\u00fcrlich Disneyworld sowie die unvergessliche einw\u00f6chige Flo\u00dffahrt durch den Grand Canyon mit \u00dcbernachtung unter dem Sternenzelt am Flussufer.<\/p>\n<p>Im Fernen Osten haben wir fast jedes Land besucht.\u00a0Meist waren wir vor Ort auch mit dem Mietwagen unterwegs. Ob Thailand bis hinunter nach Phuket und zur\u00fcck, Malaysia die Ostk\u00fcste entlang bis Singapur und an der Westk\u00fcste wieder hinauf, die Philippinen, Vietnam, China zum Shaolin-Tempel und nach Shanghai, Japan und\u00a0sogar Nordkorea, Unser Hauptziel war jedoch immer Korea, wo meine Frau ihre eigentliche Heimat hat und ich meine zweite Heimat gefunden habe.<\/p>\n<p>Ich war schon immer Motorradfahrer in Wien, seit 1984 besitze ich eine Yamaha XT 250 &#8211; das optimale Gef\u00e4hrt f\u00fcr die Stadt (au\u00dfer im Winter). <img loading=\"lazy\" decoding=\"async\" class=\"alignnone size-full wp-image-577\" src=\"https:\/\/mudokwan.at\/wordpress\/wp-content\/uploads\/2017\/01\/Yamaha-XT-250.jpg\" alt=\"\" width=\"640\" height=\"360\" srcset=\"https:\/\/mudokwan.at\/wordpress\/wp-content\/uploads\/2017\/01\/Yamaha-XT-250.jpg 640w, https:\/\/mudokwan.at\/wordpress\/wp-content\/uploads\/2017\/01\/Yamaha-XT-250-300x169.jpg 300w\" sizes=\"auto, (max-width: 640px) 100vw, 640px\" \/><\/p>\n<p>Vor einigen Jahren kam eine <a href=\"https:\/\/mudokwan.at\/wordpress\/?page_id=44\">BMW GS 1150 Adventure <\/a>dazu, die uns\u00a0bisher nach Italien, nach Schottland und ans Nordkap trug. Ein unverw\u00fcstliches Ding mit dem gro\u00dfen Benzintank, unter Bikern auch &#8222;Tuttelb\u00e4r&#8220; genannt. Dieses Ger\u00e4t soll uns nun auch in die Mongolei (und weiter?) bringen.<\/p>\n","protected":false},"excerpt":{"rendered":"<p>Wir sind seit 1977 verheiratet und wohnen in Wien. Unsere zwei Kinder Sora und Viktor sind erwachsen und wir haben auch schon Enkelkinder. Meine Frau ist \u00c4rztin und seit einigen Jahren in Pension, betreibt aber eine private Akupunkturklinik weiter. Ich bin seit mehr als vierzig Jahren selbst\u00e4ndiger Taekwondo-Trainer und besitze eine private Sportschule. Da au\u00dfer &hellip; <\/p>\n<p class=\"link-more\"><a href=\"https:\/\/mudokwan.at\/wordpress\/ueber-mich\/\" class=\"more-link\"><span class=\"screen-reader-text\">\u201e\u00dcber uns &#8211; You Song und Norbert\u201c <\/span>weiterlesen<\/a><\/p>\n","protected":false},"author":1,"featured_media":74,"parent":0,"menu_order":0,"comment_status":"closed","ping_status":"closed","template":"","meta":{"footnotes":""},"class_list":["post-8","page","type-page","status-publish","has-post-thumbnail","hentry"],"_links":{"self":[{"href":"https:\/\/mudokwan.at\/wordpress\/wp-json\/wp\/v2\/pages\/8","targetHints":{"allow":["GET"]}}],"collection":[{"href":"https:\/\/mudokwan.at\/wordpress\/wp-json\/wp\/v2\/pages"}],"about":[{"href":"https:\/\/mudokwan.at\/wordpress\/wp-json\/wp\/v2\/types\/page"}],"author":[{"embeddable":true,"href":"https:\/\/mudokwan.at\/wordpress\/wp-json\/wp\/v2\/users\/1"}],"replies":[{"embeddable":true,"href":"https:\/\/mudokwan.at\/wordpress\/wp-json\/wp\/v2\/comments?post=8"}],"version-history":[{"count":6,"href":"https:\/\/mudokwan.at\/wordpress\/wp-json\/wp\/v2\/pages\/8\/revisions"}],"predecessor-version":[{"id":579,"href":"https:\/\/mudokwan.at\/wordpress\/wp-json\/wp\/v2\/pages\/8\/revisions\/579"}],"wp:featuredmedia":[{"embeddable":true,"href":"https:\/\/mudokwan.at\/wordpress\/wp-json\/wp\/v2\/media\/74"}],"wp:attachment":[{"href":"https:\/\/mudokwan.at\/wordpress\/wp-json\/wp\/v2\/media?parent=8"}],"curies":[{"name":"wp","href":"https:\/\/api.w.org\/{rel}","templated":true}]}}