{"id":7,"date":"2017-01-31T14:31:49","date_gmt":"2017-01-31T13:31:49","guid":{"rendered":"http:\/\/www.mudokwan.at\/wordpress\/?page_id=7"},"modified":"2017-02-01T00:29:24","modified_gmt":"2017-01-31T23:29:24","slug":"startseite","status":"publish","type":"page","link":"https:\/\/mudokwan.at\/wordpress\/","title":{"rendered":"Willkommen auf der Silkroad 66"},"content":{"rendered":"<p>Worum geht es hier? Kurz: um die Erf\u00fcllung eines Traumes. Die Seidenstra\u00dfe f\u00fchrt in eine andere Zeit und in eine andere Welt. Kamele und Karawanen sind damit verkn\u00fcpft.\u00a0Gew\u00fcrze, Stoffe und Edelsteine ebenso wie Entbehrungen, Durst und\u00a0Staub.<\/p>\n<p>Was ist davon geblieben? Ich bin schon oft dar\u00fcber hinweggeflogen, auf meinen Reisen in den Fernen Osten. Aus zehntausend Metern H\u00f6he habe ich aus dem Flugzeugfenster hinunter geschaut und gedacht: wie w\u00e4re es, einmal dort unten entlang zu fahren?<\/p>\n<p>2018 ist es soweit. Nach langer Planung und \u00dcberlegung geht es jetzt (Februar 2017) an die konkrete Umsetzung. Im April 2018 soll es losgehen. Geplante Dauer bis in die Mongolei: zwei Monate. Und dann? In der ersten Variante geht es dann mit dem Flugzeug (oder der Transsibirischen Eisenbahn) zur\u00fcck nach \u00d6sterreich. Aber wenn man schon so weit gefahren ist &#8211; wie w\u00e4re es, bis nach Korea weiter zu fahren?<\/p>\n<p>Meine Frau ist ja Koreanerin und in meinem Job als Taekwondo-Trainer bin ich fast jedes Jahr dort. Durch China geht es leider nicht mit dem Motorrad, also m\u00fcsste man au\u00dfen rum durch Russland nach Wladiwostok fahren und von dort dann mit dem Schiff nach Korea. Wir werden sehen&#8230;<\/p>\n","protected":false},"excerpt":{"rendered":"<p>Worum geht es hier? Kurz: um die Erf\u00fcllung eines Traumes. Die Seidenstra\u00dfe f\u00fchrt in eine andere Zeit und in eine andere Welt. Kamele und Karawanen sind damit verkn\u00fcpft.\u00a0Gew\u00fcrze, Stoffe und Edelsteine ebenso wie Entbehrungen, Durst und\u00a0Staub. Was ist davon geblieben? Ich bin schon oft dar\u00fcber hinweggeflogen, auf meinen Reisen in den Fernen Osten. Aus zehntausend &hellip; <\/p>\n<p class=\"link-more\"><a href=\"https:\/\/mudokwan.at\/wordpress\/\" class=\"more-link\"><span class=\"screen-reader-text\">\u201eWillkommen auf der Silkroad 66\u201c <\/span>weiterlesen<\/a><\/p>\n","protected":false},"author":1,"featured_media":75,"parent":0,"menu_order":0,"comment_status":"closed","ping_status":"closed","template":"","meta":{"footnotes":""},"class_list":["post-7","page","type-page","status-publish","has-post-thumbnail","hentry"],"_links":{"self":[{"href":"https:\/\/mudokwan.at\/wordpress\/wp-json\/wp\/v2\/pages\/7","targetHints":{"allow":["GET"]}}],"collection":[{"href":"https:\/\/mudokwan.at\/wordpress\/wp-json\/wp\/v2\/pages"}],"about":[{"href":"https:\/\/mudokwan.at\/wordpress\/wp-json\/wp\/v2\/types\/page"}],"author":[{"embeddable":true,"href":"https:\/\/mudokwan.at\/wordpress\/wp-json\/wp\/v2\/users\/1"}],"replies":[{"embeddable":true,"href":"https:\/\/mudokwan.at\/wordpress\/wp-json\/wp\/v2\/comments?post=7"}],"version-history":[{"count":3,"href":"https:\/\/mudokwan.at\/wordpress\/wp-json\/wp\/v2\/pages\/7\/revisions"}],"predecessor-version":[{"id":38,"href":"https:\/\/mudokwan.at\/wordpress\/wp-json\/wp\/v2\/pages\/7\/revisions\/38"}],"wp:featuredmedia":[{"embeddable":true,"href":"https:\/\/mudokwan.at\/wordpress\/wp-json\/wp\/v2\/media\/75"}],"wp:attachment":[{"href":"https:\/\/mudokwan.at\/wordpress\/wp-json\/wp\/v2\/media?parent=7"}],"curies":[{"name":"wp","href":"https:\/\/api.w.org\/{rel}","templated":true}]}}