{"id":68,"date":"2017-02-01T00:09:54","date_gmt":"2017-01-31T23:09:54","guid":{"rendered":"http:\/\/www.mudokwan.at\/wordpress\/?page_id=68"},"modified":"2019-03-02T12:01:25","modified_gmt":"2019-03-02T11:01:25","slug":"die-vorbereitung","status":"publish","type":"page","link":"https:\/\/mudokwan.at\/wordpress\/die-vorbereitung\/","title":{"rendered":"Die Reisevorbereitung"},"content":{"rendered":"<p>Wenn man eine solche Reise plant geht einem vieles durch den Kopf. Gottseidank gibt es im Internet viele Berichte von Leuten, die das gleiche oder \u00c4hnliches schon gemacht haben. Alle haben\u00a0\u00e4hnliche Gedanken und Bedenken vor der Reise gehabt und alle haben nachher gesagt: es war toll, nicht abschrecken lassen, einfach planen und losfahren.<\/p>\n<p>Trotzdem, wenn&#8217;s einen selber betrifft stellt sich das Ganze schon etwas anders dar, die Probleme von denen man liest sind pl\u00f6tzlich die eigenen und somit um Vieles n\u00e4her. Von den vielen Dingen, mit denen man sich dann pl\u00f6tzlich\u00a0 besch\u00e4ftigen muss seien hier einige aufgef\u00fchrt:<\/p>\n<ul>\n<li><strong>Die Zeitfrage<\/strong> &#8211; eine lange Reise dauert lange. Wer berufst\u00e4tig ist hat meist nicht so lange Urlaub. Bei mir liegt das zwar etwas anders, aber auch ich muss eine Menge Dinge regeln wenn ich so lange weg bin. Gottseidank habe ich Trainer, die meine Sportschule weiterf\u00fchren k\u00f6nnen bis ich wieder da bin. Meine Frau You Song ist zwar in Pension aber die Akupunkturklinik muss f\u00fcr die Zeit ihrer Abwesenheit stillgelegt werden &#8211; hier gibt es keine Ersatz\u00e4rzte.<\/li>\n<li><strong>Die Geldfrage<\/strong> &#8211; da geht es nicht nur um die Reisekosten an sich, es m\u00fcssen auch alle Rechnungen die zuhause auflaufen bedacht werden. Internetbanking l\u00f6st zwar viele Probleme bei den Zahlterminen, aber wenn nix am Konto ist nutzt auch das Onlinebanking nix mehr. Wir haben halt was angespart bzw. hauen unverhoffte Eink\u00fcnfte aus Wertpapieren bzw. Versicherungen auf den Sch\u00e4del. Urspr\u00fcnglich wollte ich ja mit dem Auto fahren, aber das Motorrad verringert nicht nur die Kosten betr\u00e4chtlich, es macht auch viel mehr Spa\u00df!<\/li>\n<li><strong>Internationale B\u00fcrokratie<\/strong> &#8211; Einreisevisa, Versicherungen, Carnet de Passage, Impfungen, sonstige Vorschriften machen schon die Zeit der Vorbereitung zu einem b\u00fcrokratischen Hindernislauf. Nutzt nix &#8211; da muss man durch. Wir haben beide eine weltweite Reiseversicherung beim <a href=\"http:\/\/www.ifra.at\">internationalen Flugrettungsdienst\u00a0IFRA<\/a>, da ist auch ein R\u00fcckholdienst im Krankheitsfall inkludiert. Au\u00dferdem haben wir eine Reisekrankenversicherung bei der Wiener St\u00e4dtischen f\u00fcr drei Monate abgeschlossen. Das wird z.B. f\u00fcr ein Iran-Visum verlangt. Es wird auch unterwegs zu manchen Schwierigkeiten kommen, da m\u00fcssen wir uns dann halt anpassen und Alternativen suchen, auch das macht den Reiz einer solchen Reise aus. Wer das nicht will, der f\u00e4hrt mit Neckermann.<\/li>\n<li><strong>Das Fahrzeug<\/strong> &#8211; <a href=\"https:\/\/mudokwan.at\/wordpress\/?page_id=44\">unser Tuttelb\u00e4r <\/a>ist nicht nur nach meiner Meinung das ideale Gef\u00e4hrt daf\u00fcr. Nicht umsonst fuhren Ewan McGregor und Charley Boorman uf ihren legend\u00e4ren Motorrad-Weltreisen die gleiche Maschine. Auf unseren bisherigen Reisen &#8211; und eine davon ging immerhin \u00fcber 8000 km zum Nordkap und retour &#8211; erwies die BMW sich als \u00fcberaus zuverl\u00e4ssig. Absolut keine Macken oder Pannen, einziges Ersatzteil: ein Scheinwerferl\u00e4mpchen auf der R\u00fcckfahrt vom Nordkap ausgewechselt. Dennoch wird das Ger\u00e4t vor der Reise von einer Spezialwerkstatt (2 Rad Schmidtmayr in 1030 Wien, Dapontegasse 6) auf Herz und Nieren gepr\u00fcft und \u00fcberholt. Sollte unterwegs etwas Gr\u00f6beres passieren m\u00fcssen wir vor Ort entscheiden was wir tun. Das macht mir aber jetzt kein Kopfzerbrechen.<\/li>\n<li><strong>Die Organisation zuhause<\/strong> &#8211; das ist jetzt nicht soo ein gro\u00dfes Problem f\u00fcr zwei oder drei Monate. Wiederkehrende Rechnungen kann man per Onlinebanking timen, f\u00fcr Unvorhergesehenes gibt es die Familie, die sich drum k\u00fcmmern kann (danke, Mama!). Beruflich k\u00f6nnen wir uns &#8211; wie erw\u00e4hnt &#8211; freimachen, das hatten wir auch schon bei fr\u00fcheren l\u00e4ngeren Reisen. Wir m\u00fcssen auch keinen Hausstand aufl\u00f6sen und uns um neue Jobs umsehen wenn wir zur\u00fcckkommen.<\/li>\n<li><strong>Die Visabeschaffung<\/strong> &#8211;\u00a0f\u00fcr uns war das etwas schwierig, weil wir durch L\u00e4nder gereist sind, die als Urlaubsziele eher exotisch sind. Dementsprechend kompliziert sind die Visumantr\u00e4ge und auch die zeitliche Abfolge der Antr\u00e4ge spielt eine Rolle. Auch f\u00fcr Otto Normalverbraucher ist es meistens aber auch g\u00fcnstiger eine Visumagentur f\u00fcr elektronische Visa einzuschalten, die einem den Besuch bei der Botschaft ersparen. Gute Visumagenturen haben die Visumantr\u00e4ge auf Ihrer Website in deutscher Sprache, haben einen Helpdesk per Telefon und E-Mail, kontrollieren die Antr\u00e4ge vor der Einreichung auf m\u00f6gliche Fehler und verg\u00fcten bei einer Abweisung des Visumantrags die gemachten Kosten. Es gibt mehrere dieser Agenturen, die Reisende bei der Beantragung eines <a href=\"http:\/\/www.visumbeantragen.at\">Online Visums<\/a> unterst\u00fctzen, mit unterschiedlichen Niveaus des Service.<\/li>\n<\/ul>\n","protected":false},"excerpt":{"rendered":"<p>Wenn man eine solche Reise plant geht einem vieles durch den Kopf. Gottseidank gibt es im Internet viele Berichte von Leuten, die das gleiche oder \u00c4hnliches schon gemacht haben. Alle haben\u00a0\u00e4hnliche Gedanken und Bedenken vor der Reise gehabt und alle haben nachher gesagt: es war toll, nicht abschrecken lassen, einfach planen und losfahren. Trotzdem, wenn&#8217;s &hellip; <\/p>\n<p class=\"link-more\"><a href=\"https:\/\/mudokwan.at\/wordpress\/die-vorbereitung\/\" class=\"more-link\"><span class=\"screen-reader-text\">\u201eDie Reisevorbereitung\u201c <\/span>weiterlesen<\/a><\/p>\n","protected":false},"author":1,"featured_media":104,"parent":0,"menu_order":0,"comment_status":"closed","ping_status":"closed","template":"","meta":{"footnotes":""},"class_list":["post-68","page","type-page","status-publish","has-post-thumbnail","hentry"],"_links":{"self":[{"href":"https:\/\/mudokwan.at\/wordpress\/wp-json\/wp\/v2\/pages\/68","targetHints":{"allow":["GET"]}}],"collection":[{"href":"https:\/\/mudokwan.at\/wordpress\/wp-json\/wp\/v2\/pages"}],"about":[{"href":"https:\/\/mudokwan.at\/wordpress\/wp-json\/wp\/v2\/types\/page"}],"author":[{"embeddable":true,"href":"https:\/\/mudokwan.at\/wordpress\/wp-json\/wp\/v2\/users\/1"}],"replies":[{"embeddable":true,"href":"https:\/\/mudokwan.at\/wordpress\/wp-json\/wp\/v2\/comments?post=68"}],"version-history":[{"count":7,"href":"https:\/\/mudokwan.at\/wordpress\/wp-json\/wp\/v2\/pages\/68\/revisions"}],"predecessor-version":[{"id":576,"href":"https:\/\/mudokwan.at\/wordpress\/wp-json\/wp\/v2\/pages\/68\/revisions\/576"}],"wp:featuredmedia":[{"embeddable":true,"href":"https:\/\/mudokwan.at\/wordpress\/wp-json\/wp\/v2\/media\/104"}],"wp:attachment":[{"href":"https:\/\/mudokwan.at\/wordpress\/wp-json\/wp\/v2\/media?parent=68"}],"curies":[{"name":"wp","href":"https:\/\/api.w.org\/{rel}","templated":true}]}}