{"id":59,"date":"2017-01-31T23:18:28","date_gmt":"2017-01-31T22:18:28","guid":{"rendered":"http:\/\/www.mudokwan.at\/wordpress\/?page_id=59"},"modified":"2018-03-10T12:55:34","modified_gmt":"2018-03-10T11:55:34","slug":"die-ausruestung","status":"publish","type":"page","link":"https:\/\/mudokwan.at\/wordpress\/die-ausruestung\/","title":{"rendered":"Die Ausr\u00fcstung"},"content":{"rendered":"<p>Was nimmt man auf eine solche Reise mit? Bei unseren bisherigen Motorradreisen hatten wir meistens doch etwas zu viel eingepackt. Andererseits waren wir noch nie so lange und so weit mit dem Motorrad unterwegs. Neben den pers\u00f6nlichen Dingen wie Bekleidung, Medikamente\u00a0und Toiletteartikel stehen die folgenden Dinge auf dem Ausr\u00fcstungszettel:<\/p>\n<ul>\n<li><strong>GPS:\u00a0<\/strong> <strong>Garmin Montana 600<\/strong> &#8211; das hat uns schon auf anderen Motorradreisen gute Dienste geleistet. Die GPS-Karten bis in die Mongolei sind schon besorgt (aus dem Internet heruntergeladen) und sollten f\u00fcr die richtige Richtung sorgen. Ein GPS-Ger\u00e4t ist f\u00fcr eine solche Reise sicher unabdingbar.<\/li>\n<li><strong>Satellitentracker: SPOT Gen 3<\/strong>\u00a0&#8211; das Yaesu VX-8DE bleibt jetzt doch zuhause. Ein Handfunkger\u00e4t w\u00fcrde wohl zumindest ein Stirnrunzeln bei den meisten Grenzbeamten hervorrufen, falls wir gefilzt werden.\u00a0 Au\u00dferdem ist f\u00fcr die Positionsanzeige per APRS ein Funkerzeugnis n\u00f6tig, wozu ich zu faul war. Das <a href=\"https:\/\/www.findmespot.eu\/gm\/index.php?cid=100\">SPOT Gen 3<\/a> kann alles was wir brauchen, damit kann unsere jeweilige Position live im Internet verfolgt werden (siehe Menupunkt &#8222;<a href=\"https:\/\/spotwalla.com\/tripViewer.php?id=179075a6e241e2c226&amp;hoursPast=0&amp;showAll=yes\" target=\"_blank\">Live Route<\/a>&#8222;) und es gibt sogar einen Notfallknopf falls n\u00f6tig.<\/li>\n<li><strong>Kommunikation: Cardo Scala Rider Q1<\/strong> &#8211; praktischer Helmfunk zwischen Fahrer und Beifahrer. Hat sich auch schon auf unseren fr\u00fcheren Motorradreisen bew\u00e4hrt, vorher mussten wir uns immer anschreien, wenn es w\u00e4hrend der Fahrt etwas zu bereden gab.<\/li>\n<li><strong>Kommunikation: Satellitentelefon<\/strong> &#8211; das nehmen wir jetzt doch nicht mit. Zum Kaufen und auch zum Mieten ist es zu teuer, au\u00dferdem kann unser Satellitentracker (siehe oben) ohnehin fast alles was wir im Notfall brauchen.<\/li>\n<li><strong>Video: Gopro Hero 3<\/strong>+ &#8211; inzwischen gibt es schon neue Generationen der Gopro, aber die Hero 3+ funktioniert immer noch gut und wir haben eine Menge n\u00fctzliches Zubeh\u00f6r daf\u00fcr. Zus\u00e4tzlich habe ich auch noch eine No Name 4K Kamera (GoPro-Klon) mit, auf die ebenfalls alles GoPro-Zubeh\u00f6r passt.<\/li>\n<li><strong>Video: DJI Spark<\/strong> &#8211; statt der Mavic Pro ist es jetzt eine DJI Spark geworden, die ich vor Kurzem in Korea gekauft habe. Sie ist noch kompakter als die Mavic Pro und hat sehr gute Referenzen. Ich tr\u00e4ume von Drohnenvideos in voller Fahrt \u00fcber die mongolische Steppe &#8211; ob das mit der Spark machbar ist werden wir vorher noch ausprobieren.<\/li>\n<li><strong>PC: Sony Vaio VGN<\/strong> &#8211; ein vollwertiger Windows-PC im Jackentaschenformat. Hat zwar schon einige Jahre auf dem Buckel, ist aber immer noch praktisch genug f\u00fcr Bildbearbeitung unterwegs (sogar mit Photoshop!) oder Mail- und Internetzugang. Man k\u00f6nnte zwar so manch neues Ger\u00e4t kaufen, aber unser Budget werden wir damit nicht belasten.<\/li>\n<li><strong>Foto: Samsung VP-MS15<\/strong> &#8211; eine kleine kompakte Digitalkamera von 2006, die kaum Platz braucht und super Fotos macht.\u00a0Zur Not auch f\u00fcr kleine Videos verwendbar. Die Canon EOS 5D Mk II\u00a0trumpft zwar mit mehr Features und toller Qualit\u00e4t\u00a0auf, ist aber zu gro\u00df und zu schwer f\u00fcr diese Reise.<\/li>\n<li><strong>Speicher: diverse Speicherkarten und USB-Sticks f\u00fcr Fotos und Videos<\/strong> &#8211; erfahrungsgem\u00e4\u00df kommt da schon ganz sch\u00f6n was zusammen wenn man l\u00e4nger unterwegs ist. Ausreichend Speicherkarten sind ein Muss, noch dazu wo sie wahrscheinlich auf unserer Route nicht so leicht erh\u00e4ltlich sein werden.<\/li>\n<li><strong>Zusatzspeicher:<\/strong>\u00a0Als Zusatzspeicher haben wir eine mobile Festplatte mit, die Samsung SSD T5 (500 GB). Au\u00dferdem nehme ich noch eine SSD-Festplatte von meinem ATOMOS NINJA 2 (Festplattenrecorder f\u00fcr Videoaufnahmen) mit. Mit dem Anschlussadapter f\u00fcr den PC hat sie fast kein Gewicht und ich kann sie am Sony Vaio VGN andocken.<\/li>\n<li><strong>Gegen den Durst:<\/strong>\u00a0(und gegen den D\u00fcnnpfiff) &#8211; der <a href=\"https:\/\/www.katadyn.com\/de\/de\/89-2010000-katadyn-pocket\">Katadyn Pocket Filter<\/a> ist klein und relativ leicht und sorgt f\u00fcr sauberes und sicheres Trinkwasser aus vielen Quellen.<\/li>\n<li><strong>F\u00fcr die gute Laune:<\/strong> meine Frau ist ein Engel aber wenn sie am Morgen keinen Kaffee hat mutiert sie zum Drachen. Damit das nicht geschieht kommt eine <a href=\"http:\/\/www.handpresso.com\/en\/espresso-machines\/manual-espresso-machines\/handpresso-pump-black\/\">Handpresso Espressopumpe<\/a> mit auf die Reise.<\/li>\n<li><strong>Zelt: Salewa<\/strong> &#8211; unser 2 Mann-Zelt von Salewa ist sehr kompakt und leicht. Alles zusammen wiegt es nicht mal einen Kilo und hat samt St\u00e4ben und Heringen in einem d\u00fcnnen Sack Platz. Wir haben zwar vor, meist in festen Unterk\u00fcnften zu \u00fcbernachten, aber\u00a0eine Reserve beruhigt, falls uns mal keiner ein Dach \u00fcber dem Kopf geben will.<\/li>\n<li><strong>Camping-Ausr\u00fcstung<\/strong> &#8211; neben dem Zelt haben wir zwei Schlafs\u00e4cke samt Kopfpolster, zwei Unterlagen und zwei Decken dabei. Alles in komprimierter Mini-Ausf\u00fchrung. Zur Not gibt es noch die bekannten Notfall-\u00dcberlebensdecken f\u00fcr die eisigen N\u00e4chte auf dem Pamir-Highway oder in der mongolischen Steppe.<\/li>\n<li><strong>Campingsessel: Helinox Mini China Klon<\/strong> &#8211; ja, soweit ist es schon gekommen. Wir nehmen zwei Campingsessel auf die Reise mit. Der Original Helinox Mini ist leider zu teuer und auch f\u00fcr M\u00e4nner wie mich zu schwach (ein richtiger Mann hat mehr als 100kg). Der NoName China-Klon ist hingegen mit ca. 20 Euro wohlfeil und au\u00dferdem bis 120kg belastbar. Der Sessel ist zusammengeklappt wirklich mini (ca. 10cm x10cm x30cm) und wiegt nur etwa 300g. Deswegen kommen die beiden auch in unseren wasserdichten Sack mit der Campingausr\u00fcstung.<\/li>\n<li><strong>Packtaschen: Tankrucksack und wasserdichte Ortlieb Tasche Rackpack<\/strong> &#8211; in den Tankrucksack kommt die Fotokamera und Kleinkram, den man unterwegs oft braucht, die riesige Ortliebtasche (120l)\u00a0schluckt den Hauptteil unserer Bekleidung und anderes Zubeh\u00f6r. Quer montiert am Heck \u00fcber die zwei BMW Koffer dient sie auch noch als R\u00fcckenst\u00fctze f\u00fcr You Song.<\/li>\n<li><strong>Medizinisches<\/strong> &#8211; Die Reiseapotheke wird von You Song zusammengestellt. Als \u00c4rztin wei\u00df sie genau was mitmuss. Auf jeden Fall werden Schmerzmittel, diverse Pflaster und Binden, Medikamente gegen Durchfall und Brechreiz dabeisein. Au\u00dferdem eine Kollektion ihrer Akupunkturnadeln und -Pflaster, die sie in ihrer Ordination verwendet.<\/li>\n<li><strong>Kleidung<\/strong> &#8211; alles was wir anziehen wollen muss in einer (gro\u00dfen) Nike-Sporttasche Platz finden. Dazu noch die Drohne, die Videoausr\u00fcstung und das Waschzeug. Geht sich aus &#8211; wir haben&#8217;s ausprobiert.\u00a0 Einige Garnituren Unterw\u00e4sche, eine Daunenjacke (kann unglaublich klein zusammengelegt werden), Ersatzhose und -Schuhe, warme Fleecejacke, Socken, Handschuhe und noch ein paar Kleinigkeiten.\u00a0Die Nike-Tasche kommt dann in den wasserdichten Ortlieb-Sack.<\/li>\n<li><strong>Go-Bag: MOAB Rush 10<\/strong> &#8211; Hier kommt alles rein was schnell bei der Hand sein muss und auch bei eventuellen Spazierg\u00e4ngen dabei sein soll.\u00a0 Also Reiseunterlagen und Landkarten, Klopapier, Reservew\u00e4sche, Snacks f\u00fcr unterwegs, Wasserflasche Schreibzeug, Kompass, Feuerzeug, Taschenlampe und \u00c4hnliches. Der MOAB Rush 10 ist klein und kompakt, hat aber eine Menge Taschen und F\u00e4cher (auch ein Geheimfach) und bei Bedarf kann man verschiedene Zusatztaschen und -beh\u00e4lter mit dem Molle-System anclipsen.<\/li>\n<\/ul>\n<p>Ein Sonderkapitel sind die Motorrad-Ersatzteile. Ich kann zwar grundlegende Arbeiten am Motorrad erledigen, bin aber kein Mechaniker. Sollte ein gr\u00f6berer Defekt auftreten sind wir auf Werkst\u00e4tten oder Fachleute angewiesen. Der Tuttelb\u00e4r wird zwar vor der Reise in einer Fachwerkst\u00e4tte \u00fcberholt (in vielen Motorrad-Foren gelobt und auch von mir sehr zu empfehlen: 2 Rad Schmidtmayr in Wien, 1030, Dapontegasse 6), er hat jetzt aber auch schon etliche Kilometer auf dem Buckel und man wei\u00df ja nie, was kaputt gehen kann.\u00a0 Auf Empfehlung der Werkstatt wurde der Starter getauscht, ein allgemeines Service gemacht und neue Reifen aufgezogen. Vor dem Pamir Highway wollen wir in Dushanbe dann einen neuen Reifensatz (f\u00fcr Schotterstra\u00dfen) kaufen. Wir werden daher nicht viel Werkzeug und Ersatzteile mitnehmen, nur das n\u00f6tigste Schraubzeug und Ersatzlampen.<\/p>\n","protected":false},"excerpt":{"rendered":"<p>Was nimmt man auf eine solche Reise mit? Bei unseren bisherigen Motorradreisen hatten wir meistens doch etwas zu viel eingepackt. Andererseits waren wir noch nie so lange und so weit mit dem Motorrad unterwegs. Neben den pers\u00f6nlichen Dingen wie Bekleidung, Medikamente\u00a0und Toiletteartikel stehen die folgenden Dinge auf dem Ausr\u00fcstungszettel: GPS:\u00a0 Garmin Montana 600 &#8211; das &hellip; <\/p>\n<p class=\"link-more\"><a href=\"https:\/\/mudokwan.at\/wordpress\/die-ausruestung\/\" class=\"more-link\"><span class=\"screen-reader-text\">\u201eDie Ausr\u00fcstung\u201c <\/span>weiterlesen<\/a><\/p>\n","protected":false},"author":1,"featured_media":95,"parent":0,"menu_order":0,"comment_status":"closed","ping_status":"closed","template":"","meta":{"footnotes":""},"class_list":["post-59","page","type-page","status-publish","has-post-thumbnail","hentry"],"_links":{"self":[{"href":"https:\/\/mudokwan.at\/wordpress\/wp-json\/wp\/v2\/pages\/59","targetHints":{"allow":["GET"]}}],"collection":[{"href":"https:\/\/mudokwan.at\/wordpress\/wp-json\/wp\/v2\/pages"}],"about":[{"href":"https:\/\/mudokwan.at\/wordpress\/wp-json\/wp\/v2\/types\/page"}],"author":[{"embeddable":true,"href":"https:\/\/mudokwan.at\/wordpress\/wp-json\/wp\/v2\/users\/1"}],"replies":[{"embeddable":true,"href":"https:\/\/mudokwan.at\/wordpress\/wp-json\/wp\/v2\/comments?post=59"}],"version-history":[{"count":23,"href":"https:\/\/mudokwan.at\/wordpress\/wp-json\/wp\/v2\/pages\/59\/revisions"}],"predecessor-version":[{"id":176,"href":"https:\/\/mudokwan.at\/wordpress\/wp-json\/wp\/v2\/pages\/59\/revisions\/176"}],"wp:featuredmedia":[{"embeddable":true,"href":"https:\/\/mudokwan.at\/wordpress\/wp-json\/wp\/v2\/media\/95"}],"wp:attachment":[{"href":"https:\/\/mudokwan.at\/wordpress\/wp-json\/wp\/v2\/media?parent=59"}],"curies":[{"name":"wp","href":"https:\/\/api.w.org\/{rel}","templated":true}]}}