{"id":560,"date":"2018-07-18T11:46:05","date_gmt":"2018-07-18T09:46:05","guid":{"rendered":"http:\/\/www.mudokwan.at\/wordpress\/?page_id=560"},"modified":"2018-09-23T13:27:56","modified_gmt":"2018-09-23T11:27:56","slug":"das-buch","status":"publish","type":"page","link":"https:\/\/mudokwan.at\/wordpress\/das-buch\/","title":{"rendered":"Das Buch"},"content":{"rendered":"<p><img loading=\"lazy\" decoding=\"async\" class=\"alignnone wp-image-568 size-large\" src=\"https:\/\/mudokwan.at\/wordpress\/wp-content\/uploads\/2018\/07\/Silkroad66Cover-1024x698.jpg\" width=\"525\" height=\"358\" srcset=\"https:\/\/mudokwan.at\/wordpress\/wp-content\/uploads\/2018\/07\/Silkroad66Cover-1024x698.jpg 1024w, https:\/\/mudokwan.at\/wordpress\/wp-content\/uploads\/2018\/07\/Silkroad66Cover-300x204.jpg 300w, https:\/\/mudokwan.at\/wordpress\/wp-content\/uploads\/2018\/07\/Silkroad66Cover-768x523.jpg 768w, https:\/\/mudokwan.at\/wordpress\/wp-content\/uploads\/2018\/07\/Silkroad66Cover.jpg 1280w\" sizes=\"auto, (max-width: 525px) 100vw, 525px\" \/><\/p>\n<p>Es ist soweit: Silkroad 66 wird als Reisebuch mit vielen Fotos und zus\u00e4tzlichem Text erscheinen. Wir haben viel zu viel erlebt, als man in diesem Blog beschreiben k\u00f6nnte. Der Erscheinungstermin wird im Oktober 2018 sein, wer sich daf\u00fcr interessiert kann uns ein Mail schreiben (<a href=\"mailto:office@mudokwan.at\">office@mudokwan.at<\/a>), oder sich hier anmelden um ein Buch zum erm\u00e4\u00dfigten Vorverkaufspreis zu erhalten (\u20ac 19.90 statt \u20ac 25.-):<\/p>\n<p><a href=\"http:\/\/kmaa.at\/index.php\/buchbestellung\/\" target=\"_blank\">Zum Anmeldeformular f\u00fcr die Buchbestellung<\/a>.<\/p>\n<p>Bis dahin: Danke f\u00fcr&#8217;s Lesen und mitfiebern!<\/p>\n<p>Norbert und You Song<\/p>\n","protected":false},"excerpt":{"rendered":"<p>Es ist soweit: Silkroad 66 wird als Reisebuch mit vielen Fotos und zus\u00e4tzlichem Text erscheinen. Wir haben viel zu viel erlebt, als man in diesem Blog beschreiben k\u00f6nnte. Der Erscheinungstermin wird im Oktober 2018 sein, wer sich daf\u00fcr interessiert kann uns ein Mail schreiben (office@mudokwan.at), oder sich hier anmelden um ein Buch zum erm\u00e4\u00dfigten Vorverkaufspreis &hellip; <\/p>\n<p class=\"link-more\"><a href=\"https:\/\/mudokwan.at\/wordpress\/das-buch\/\" class=\"more-link\"><span class=\"screen-reader-text\">\u201eDas Buch\u201c <\/span>weiterlesen<\/a><\/p>\n","protected":false},"author":1,"featured_media":0,"parent":0,"menu_order":0,"comment_status":"closed","ping_status":"closed","template":"","meta":{"footnotes":""},"class_list":["post-560","page","type-page","status-publish","hentry"],"_links":{"self":[{"href":"https:\/\/mudokwan.at\/wordpress\/wp-json\/wp\/v2\/pages\/560","targetHints":{"allow":["GET"]}}],"collection":[{"href":"https:\/\/mudokwan.at\/wordpress\/wp-json\/wp\/v2\/pages"}],"about":[{"href":"https:\/\/mudokwan.at\/wordpress\/wp-json\/wp\/v2\/types\/page"}],"author":[{"embeddable":true,"href":"https:\/\/mudokwan.at\/wordpress\/wp-json\/wp\/v2\/users\/1"}],"replies":[{"embeddable":true,"href":"https:\/\/mudokwan.at\/wordpress\/wp-json\/wp\/v2\/comments?post=560"}],"version-history":[{"count":8,"href":"https:\/\/mudokwan.at\/wordpress\/wp-json\/wp\/v2\/pages\/560\/revisions"}],"predecessor-version":[{"id":575,"href":"https:\/\/mudokwan.at\/wordpress\/wp-json\/wp\/v2\/pages\/560\/revisions\/575"}],"wp:attachment":[{"href":"https:\/\/mudokwan.at\/wordpress\/wp-json\/wp\/v2\/media?parent=560"}],"curies":[{"name":"wp","href":"https:\/\/api.w.org\/{rel}","templated":true}]}}