{"id":47,"date":"2017-01-31T16:50:11","date_gmt":"2017-01-31T15:50:11","guid":{"rendered":"http:\/\/www.mudokwan.at\/wordpress\/?page_id=47"},"modified":"2018-01-16T09:20:04","modified_gmt":"2018-01-16T08:20:04","slug":"die-route","status":"publish","type":"page","link":"https:\/\/mudokwan.at\/wordpress\/die-route\/","title":{"rendered":"Die Route"},"content":{"rendered":"<p>Wie kommt man\u00a0auf dem Landweg\u00a0in die Mongolei? Tja, ist nicht so einfach heutzutage. Die original Seidenstra\u00dfe verl\u00e4uft ja auch auf verschiedenen Wegen, dementsprechend kann man unterschiedliche Routen nehmen.<\/p>\n<p>Entsprechend der derzeitigen Weltsituation muss man sich aber schon genau \u00fcberlegen, wo man wahrscheinlich seinen Kopf beh\u00e4lt und wo eher nicht. Zwar kann auf einer solchen Reise nat\u00fcrlich viel passieren &#8211; \u00fcbrigens auch, wenn man von Wien ins Burgenland f\u00e4hrt &#8211; aber L\u00e4nder wie der Irak oder Afghanistan scheiden derzeit leider eher aus, wenn man keinen Hummer f\u00e4hrt und kein Sturmgewehr mithat.<\/p>\n<p>Wir haben uns daher &#8211; zumindest aus heutiger Sicht &#8211; f\u00fcr eine Variante der S\u00fcdroute entschieden, immer vorausgesetzt, die Visafragen k\u00f6nnen positiv erledigt werden. Das w\u00e4re also von Wien ausgehend durch:<\/p>\n<p><strong>Slowenien, Kroatien,\u00a0Bosnien\/Herzegowina,\u00a0Montenegro,\u00a0Albanien, Griechenland,\u00a0T\u00fcrkei,\u00a0Iran,\u00a0Turkmenistan,\u00a0Usbekistan,\u00a0Tadschikistan, Kirgisistan,\u00a0Kasachstan,\u00a0Russland<\/strong> in die <strong>Mongolei<\/strong>.<\/p>\n<p>Ob wir durch Tadschikistan und Kirgisistan durchfahren ist noch nicht ganz sicher. Ger\u00fcchteweise soll es auf der geplanten Route nicht immer sicher sein, das m\u00fcssen wir noch abkl\u00e4ren. Es wird auch wesentlich davon abh\u00e4ngen wie sich die allgemeine Lage im heurigen Jahr entwickelt. Momentan geht es ja vielerorts drunter und dr\u00fcber und auch der neue US-Pr\u00e4sident ist kein Garant f\u00fcr Stabilit\u00e4t. Ich bin zwar kein Angsthase aber gewisse Vorsichtsma\u00dfnahmen sollte man schon treffen bei einer solchen Aktion. Sollten wir von der Mongolei aus noch weiterfahren wollen (und k\u00f6nnen), dann ginge es weiter durch<\/p>\n<p><strong>Russland <\/strong>nach Wladiwostok und von dort mit dem Schiff nach <strong>Korea<\/strong>.<\/p>\n<p><a href=\"https:\/\/mudokwan.at\/wordpress\/wp-content\/uploads\/2017\/01\/Route-gesamt.jpg\"><img loading=\"lazy\" decoding=\"async\" class=\"aligncenter wp-image-49 size-large\" src=\"https:\/\/mudokwan.at\/wordpress\/wp-content\/uploads\/2017\/01\/Route-gesamt-1024x418.jpg\" width=\"525\" height=\"214\" srcset=\"https:\/\/mudokwan.at\/wordpress\/wp-content\/uploads\/2017\/01\/Route-gesamt-1024x418.jpg 1024w, https:\/\/mudokwan.at\/wordpress\/wp-content\/uploads\/2017\/01\/Route-gesamt-300x123.jpg 300w, https:\/\/mudokwan.at\/wordpress\/wp-content\/uploads\/2017\/01\/Route-gesamt-768x314.jpg 768w, https:\/\/mudokwan.at\/wordpress\/wp-content\/uploads\/2017\/01\/Route-gesamt.jpg 1577w\" sizes=\"auto, (max-width: 525px) 100vw, 525px\" \/><\/a><\/p>\n<p>Nat\u00fcrlich k\u00f6nnte man die Hinreise straffen indem man die Balkanl\u00e4nder ausl\u00e4sst, aber wir wollen auch diese L\u00e4nder (wieder einmal) besuchen.<\/p>\n<p>Im J\u00e4nner 2018 hatten wir die verr\u00fcckte Idee durch Nordkorea nach S\u00fcdkorea zu fahren. Wir waren schon vor einigen Jahren mal in Nordkorea, aber eine Durchquerung mit dem Motorrad und anschlie\u00dfendem Grenz\u00fcbertritt nach S\u00fcdkorea in Panmunjeom ist jenseitig. Egal &#8211; das nordkoreanische Reiseb\u00fcro pr\u00fcft gerade ob das in den politischen Kram passt, die Chancen sind gering aber was soll&#8217;s? Man wird ja noch fragen d\u00fcrfen.<\/p>\n<p>Die Heimreise w\u00fcrden wir dann per Flugzeug antreten, der Tuttelb\u00e4r w\u00fcrde ebenfalls per Luft-\u00a0oder Seefracht (je nach finanzieller Lage)\u00a0nach Wien zur\u00fcckkommen. F\u00fcr die gesamte Reisezeit (inklusive Korea)\u00a0rechnen wir mit etwa drei Monaten. Nur bis Ulan Baataar sollte es in zwei Monaten machbar sein.<\/p>\n<p>Wir &#8211; You Song und ich &#8211; sind \u00fcbrigens allein unterwegs, ich als Fahrer und You Song auf dem R\u00fccksitz. Das birgt nat\u00fcrlich auch gewisse zus\u00e4tzliche Risiken, aber sowas schreckt mich nicht. Sollte sich bis zu unserer geplanten Abreise ein Motorrad-Begleiter f\u00fcr die ganze oder eine Teilstrecke melden k\u00f6nnen wir das gerne besprechen. Aktiv suchen wir aber nicht danach, ich bin sicher, unterwegs wird es manchmal auf Teilstrecken zu nicht geplanten Fahrgemeinschaften kommen.<\/p>\n","protected":false},"excerpt":{"rendered":"<p>Wie kommt man\u00a0auf dem Landweg\u00a0in die Mongolei? Tja, ist nicht so einfach heutzutage. Die original Seidenstra\u00dfe verl\u00e4uft ja auch auf verschiedenen Wegen, dementsprechend kann man unterschiedliche Routen nehmen. Entsprechend der derzeitigen Weltsituation muss man sich aber schon genau \u00fcberlegen, wo man wahrscheinlich seinen Kopf beh\u00e4lt und wo eher nicht. Zwar kann auf einer solchen Reise &hellip; <\/p>\n<p class=\"link-more\"><a href=\"https:\/\/mudokwan.at\/wordpress\/die-route\/\" class=\"more-link\"><span class=\"screen-reader-text\">\u201eDie Route\u201c <\/span>weiterlesen<\/a><\/p>\n","protected":false},"author":1,"featured_media":49,"parent":0,"menu_order":0,"comment_status":"closed","ping_status":"closed","template":"","meta":{"footnotes":""},"class_list":["post-47","page","type-page","status-publish","has-post-thumbnail","hentry"],"_links":{"self":[{"href":"https:\/\/mudokwan.at\/wordpress\/wp-json\/wp\/v2\/pages\/47","targetHints":{"allow":["GET"]}}],"collection":[{"href":"https:\/\/mudokwan.at\/wordpress\/wp-json\/wp\/v2\/pages"}],"about":[{"href":"https:\/\/mudokwan.at\/wordpress\/wp-json\/wp\/v2\/types\/page"}],"author":[{"embeddable":true,"href":"https:\/\/mudokwan.at\/wordpress\/wp-json\/wp\/v2\/users\/1"}],"replies":[{"embeddable":true,"href":"https:\/\/mudokwan.at\/wordpress\/wp-json\/wp\/v2\/comments?post=47"}],"version-history":[{"count":8,"href":"https:\/\/mudokwan.at\/wordpress\/wp-json\/wp\/v2\/pages\/47\/revisions"}],"predecessor-version":[{"id":152,"href":"https:\/\/mudokwan.at\/wordpress\/wp-json\/wp\/v2\/pages\/47\/revisions\/152"}],"wp:featuredmedia":[{"embeddable":true,"href":"https:\/\/mudokwan.at\/wordpress\/wp-json\/wp\/v2\/media\/49"}],"wp:attachment":[{"href":"https:\/\/mudokwan.at\/wordpress\/wp-json\/wp\/v2\/media?parent=47"}],"curies":[{"name":"wp","href":"https:\/\/api.w.org\/{rel}","templated":true}]}}