{"id":71,"date":"2019-04-30T11:33:17","date_gmt":"2019-04-30T09:33:17","guid":{"rendered":"http:\/\/mudokwan.at\/downunder\/?page_id=71"},"modified":"2022-04-14T08:02:47","modified_gmt":"2022-04-14T06:02:47","slug":"die-ausruestung","status":"publish","type":"page","link":"https:\/\/mudokwan.at\/downunder\/?page_id=71","title":{"rendered":"Die Ausr\u00fcstung"},"content":{"rendered":"\n<p>Was nimmt man auf eine solche Reise mit? Bei unseren bisherigen Motorradreisen hatten wir meistens doch etwas zu viel eingepackt. In der Mongolei waren wir klar \u00fcberladen, was uns dann auch Probleme auf der Sandpiste bereitete. Diesmal soll es daher weniger sein. Neben den pers\u00f6nlichen Dingen wie Bekleidung, Medikamente und Toiletteartikel stehen die folgenden Dinge auf dem Ausr\u00fcstungszettel:<\/p>\n\n\n\n<ul class=\"wp-block-list\"><li><strong>GPS:&nbsp;<\/strong>&nbsp;<strong>Garmin Montana 600<\/strong> \u2013 das hat uns auf allen unseren Motorradreisen gute Dienste geleistet. Die GPS-Karten f\u00fcr Australien sind schon besorgt (aus dem Internet heruntergeladen). Bei einem kurzen Trip nach Italien im Sommer 2019 ist mir das Ger\u00e4t runtergefallen., dabei ist die GPS-Antenne innen abgebrochen. Nach langen Suchen (Garmin repariert keine Ger\u00e4te sondern will nur neue verkaufen) bin ich auf die folgende Firma gesto\u00dfen: GPS-STATION Co. (Adrian Schmitt, Parkstr. 36,           38644 Hahnenklee, DEUTSCHLAND).  Nach zwei Wochen perfekt repariert und Service gemacht f\u00fcr \u20ac 129.-. In der Zwischenzeit hab ich aber ein zweites Montana 600 gebraucht gekauft. Damit bin ich einfach toll zufrieden.<\/li><\/ul>\n\n\n\n<ul class=\"wp-block-list\"><li><strong>Satellitentracker: SPOT Gen 3<\/strong> \u2013 der Satellitentracker war auf unserer Koreareise sehr n\u00fctzlich. Das <a href=\"https:\/\/www.findmespot.eu\/gm\/index.php?cid=100\">SPOT Gen 3<\/a>&nbsp;kann alles was wir brauchen, damit kann unsere jeweilige Position live im Internet verfolgt werden (siehe Menupunkt \u201e<a rel=\"noreferrer noopener\" href=\"https:\/\/spotwalla.com\/tripViewer.php?id=179075a6e241e2c226&amp;hoursPast=0&amp;showAll=yes\" target=\"_blank\">Live Route<\/a>\u201e) und es gibt sogar einen Notfallknopf falls n\u00f6tig.<\/li><\/ul>\n\n\n\n<ul class=\"wp-block-list\"><li><strong>Kommunikation: Cardo Freerider 4<\/strong> \u2013 die neue Version des Cardo Helmfunks kann mehr und ist leistungsst\u00e4rker. Kommunikation mittels Helmfunk zwischen Fahrer und Beifahrer ist praktisch, vorher mussten wir uns immer anschreien, wenn es w\u00e4hrend der Fahrt etwas zu bereden gab.<\/li><\/ul>\n\n\n\n<ul class=\"wp-block-list\"><li><strong>Video: Gopro Hero 3+ und Hero 4<\/strong> \u2013 die alte Hero 3+ liegt irgendwo auf der Stra\u00dfe in Tadschikistan. Hat sich unbemerkt vom vorderen Kotfl\u00fcgel losger\u00fcttelt. In Korea haben wir dann eine gebrauchte Hero 3+ gekauft weil wir so viel Zubeh\u00f6r daf\u00fcr hatten. Inzwischen ist noch eine Hero 4 dazu gekommen. Beide machen nach wie vor tolle Aufnahmen.<\/li><\/ul>\n\n\n\n<ul class=\"wp-block-list\"><li><strong>Video: Osmo Pocket<\/strong> &#8211; meine derzeitige Lieblingskamera f\u00fcr unterwegs. Das Gimbal sorgt f\u00fcr stabile Aufnahmen und die Kamera ist blitzschnell einsatzbereit. <\/li><\/ul>\n\n\n\n<ul class=\"wp-block-list\"><li><strong>Video: Osmo Action<\/strong> &#8211; die neue Osmo Action ist ein gutes Ger\u00e4t &#8211; eigentlich.  Leider hat sich nach kurzer Zeit die Schutzklappe \u00fcber dem Schacht f\u00fcr die Mini-SD-Karte bzw. dem USB-Anschluss gel\u00f6st.  Kein Problem, dachte ich. Ab zum Service bei SATURN, wo ich die Kamera gekauft habe, schlie\u00dflich muss da ja nach drei Wochen noch Garantie drauf sein (6 Monate Gew\u00e4hrleistungspflicht in \u00d6sterreich). Fazit: die Wahnsinnigen wollen fast \u20ac 200.- von mir f\u00fcr eine &#8222;Reparatur&#8220; (Neupreis: \u20ac 369.-). Derzeit (August 2019) kommuniziere ich mittels eingeschriebener Briefe und werde m\u00f6glicherweise einen Anwalt brauchen.  Vom Kauf bei dieser Firma ist abzuraten.<\/li><\/ul>\n\n\n\n<ul class=\"wp-block-list\"><li><strong>Video: DJI Spark<\/strong> \u2013 obwohl wir die Drohne auf unserer langen Reise in die Mongolei nicht verwendet haben (keine Zeit, schwierige Stra\u00dfenbedingungen, Beh\u00f6rdenprobleme) kommt die DJI Spark nach Australien mit. Diesmal wollen wir sie unbedingt einsetzen.<\/li><\/ul>\n\n\n\n<ul class=\"wp-block-list\"><li>Seit Kurzem besitze ich einen <strong>Getac Tablet Computer<\/strong>. Das Ding ist Milit\u00e4rstandard und unzerst\u00f6rbar. Man kann es auch im Auto oder auf dem Motorrad montieren, allerdings verwende ich es nur als Standger\u00e4t, zum Updaten unserer Reiseberichte und zum Bearbeiten der Fotos und Videos.<\/li><\/ul>\n\n\n\n<ul class=\"wp-block-list\"><li><strong>PC: Samsung Galaxy Book<\/strong> \u2013 der praktische Sony Vaio VGN hat ja leider auf der letzten Reise einen Displayschaden erlitten. Das Galaxy Book ist aber nicht nur gr\u00f6\u00dfer und leichter, sondern auch viel schneller beim Arbeiten. Bild-oder Videobearbeitung unterwegs sind kein Problem damit.<\/li><\/ul>\n\n\n\n<ul class=\"wp-block-list\"><li><strong>Speicher: diverse Speicherkarten und USB-Sticks f\u00fcr Fotos und Videos<\/strong>&nbsp;\u2013 erfahrungsgem\u00e4\u00df kommt da schon ganz sch\u00f6n was zusammen wenn man l\u00e4nger unterwegs ist. Ausreichend Speicherkarten sind ein Muss, noch dazu wo sie wahrscheinlich auf unserer Route nicht so leicht erh\u00e4ltlich sein werden.<\/li><\/ul>\n\n\n\n<ul class=\"wp-block-list\"><li><strong>Zusatzspeicher:<\/strong> Als Zusatzspeicher haben wir eine mobile Festplatte mit, die Samsung SSD T5 (500 GB). Au\u00dferdem nehme ich noch eine SSD-Festplatte von meinem ATOMOS NINJA 2 (Festplattenrecorder f\u00fcr Videoaufnahmen) mit. Mit dem Anschlussadapter f\u00fcr den PC hat sie fast kein Gewicht und ich kann sie am Galaxy Book oder am Getac Tablet andocken.<\/li><\/ul>\n\n\n\n<ul class=\"wp-block-list\"><li><strong>Gegen den Durst:<\/strong>&nbsp;(und gegen den D\u00fcnnpfiff) \u2013 der&nbsp;<a href=\"https:\/\/www.katadyn.com\/de\/de\/89-2010000-katadyn-pocket\">Katadyn Pocket Filter<\/a>&nbsp;ist klein und relativ leicht und sorgt f\u00fcr sauberes und sicheres Trinkwasser aus vielen Quellen.<\/li><\/ul>\n\n\n\n<ul class=\"wp-block-list\"><li><strong>F\u00fcr die gute Laune:<\/strong>&nbsp;meine Frau ist ein Engel aber wenn sie am Morgen keinen Kaffee hat mutiert sie zum Drachen. Damit das nicht geschieht kommt eine&nbsp;<a href=\"http:\/\/www.handpresso.com\/en\/espresso-machines\/manual-espresso-machines\/handpresso-pump-black\/\">Handpresso Espressopumpe<\/a>&nbsp;mit auf die Reise.<\/li><\/ul>\n\n\n\n<ul class=\"wp-block-list\"><li><strong>Packtaschen: Tankrucksack und wasserdichte Ortlieb Tasche Rackpack<\/strong> \u2013 in den Tankrucksack kommt die Videokamera und Kleinkram, den man unterwegs oft braucht, die riesige Ortliebtasche (120l) schluckt den Hauptteil unserer Bekleidung und anderes Zubeh\u00f6r. Quer montiert am Heck \u00fcber die zwei BMW Koffer dient sie auch noch als R\u00fcckenst\u00fctze f\u00fcr You Song.<\/li><\/ul>\n\n\n\n<ul class=\"wp-block-list\"><li><strong>Medizinisches<\/strong>\u00a0\u2013 Die Reiseapotheke wird von You Song zusammengestellt. Als \u00c4rztin wei\u00df sie genau was mitmuss. Auf jeden Fall werden Schmerzmittel, diverse Pflaster und Binden, Medikamente gegen Durchfall und Brechreiz dabei sein. Au\u00dferdem eine Kollektion ihrer Akupunkturnadeln und -pflaster, die sie in ihrer Ordination verwendet.<\/li><\/ul>\n\n\n\n<ul class=\"wp-block-list\"><li><strong>Kleidung<\/strong>&nbsp;\u2013 alles was wir anziehen wollen muss in einer (gro\u00dfen) Nike-Sporttasche Platz finden. Dazu noch die Drohne, die Videoausr\u00fcstung und das Waschzeug. Geht sich aus \u2013 wir haben\u2019s ausprobiert.&nbsp; Einige Garnituren Unterw\u00e4sche, eine Daunenjacke (kann unglaublich klein zusammengelegt werden), Ersatzhose und -Schuhe, warme Fleecejacke, Socken, Handschuhe und noch ein paar Kleinigkeiten.&nbsp;Die Nike-Tasche kommt dann in den wasserdichten Ortlieb-Sack.<\/li><\/ul>\n\n\n\n<ul class=\"wp-block-list\"><li><strong>Go-Bag: MOAB Rush 10<\/strong>&nbsp;\u2013 Hier kommt alles rein was schnell bei der Hand sein muss und auch bei eventuellen Spazierg\u00e4ngen dabei sein soll.&nbsp; Also Reiseunterlagen und Landkarten, Klopapier, Reservew\u00e4sche, Snacks f\u00fcr unterwegs, Wasserflasche Schreibzeug, Kompass, Feuerzeug, Taschenlampe und \u00c4hnliches. Der MOAB Rush 10 ist klein und kompakt, hat aber eine Menge Taschen und F\u00e4cher (auch ein Geheimfach) und bei Bedarf kann man verschiedene Zusatztaschen und -beh\u00e4lter mit dem Molle-System anclipsen.<\/li><\/ul>\n\n\n\n<h2 class=\"wp-block-heading\">Das war geplant, bleibt jetzt aber doch zuhause:<\/h2>\n\n\n\n<ul class=\"wp-block-list\"><li><strong>Zelt: Salewa<\/strong>&nbsp;\u2013 unser 2 Mann-Zelt von Salewa ist sehr kompakt und leicht. Alles zusammen wiegt es nicht mal einen Kilo und hat samt St\u00e4ben und Heringen in einem d\u00fcnnen Sack Platz. Wir haben zwar vor, meist in festen Unterk\u00fcnften zu \u00fcbernachten, aber&nbsp;eine Reserve beruhigt, falls uns mal keiner ein Dach \u00fcber dem Kopf geben will.<\/li><\/ul>\n\n\n\n<ul class=\"wp-block-list\"><li><strong>Camping-Ausr\u00fcstung<\/strong> \u2013 neben dem Zelt haben wir zwei Schlafs\u00e4cke samt Kopfpolster, zwei Unterlagen und zwei Decken dabei. Alles in komprimierter Mini-Ausf\u00fchrung.<\/li><\/ul>\n\n\n\n<ul class=\"wp-block-list\"><li><strong>Campingsessel: Helinox Mini China Klon<\/strong>&nbsp;\u2013 ja, soweit ist es schon gekommen. Wir nehmen zwei Campingsessel auf die Reise mit. Der Original Helinox Mini ist leider zu teuer und auch f\u00fcr M\u00e4nner wie mich zu schwach (ein richtiger Mann hat mehr als 100kg). Der NoName China-Klon ist hingegen mit ca. 20 Euro wohlfeil und au\u00dferdem bis 120kg belastbar. Der Sessel ist zusammengeklappt wirklich mini (ca. 10cm x10cm x30cm) und wiegt nur etwa 300g. Deswegen kommen die beiden auch in unseren wasserdichten Sack mit der Campingausr\u00fcstung.<\/li><\/ul>\n\n\n\n<p>Ein Sonderkapitel sind die Motorrad-Ersatzteile. Ich kann zwar grundlegende Arbeiten am Motorrad erledigen, bin aber kein Mechaniker. Sollte ein gr\u00f6berer Defekt auftreten sind wir auf Werkst\u00e4tten oder Fachleute angewiesen. Der Tuttelb\u00e4r wird vor der Reise in einer Fachwerkst\u00e4tte \u00fcberholt (in vielen Motorrad-Foren gelobt und auch von mir sehr zu empfehlen: 2 Rad Schmidtmayr in Wien, 1030, Dapontegasse 6), er hat jetzt aber auch schon etliche Kilometer auf dem Buckel und man wei\u00df ja nie, was kaputt gehen kann.\u00a0 Vor der Abreise gibt&#8217;s neue Reifen und ein allgemeines Service. Wir werden daher nicht viel Werkzeug und Ersatzteile mitnehmen, nur das n\u00f6tigste Schraubzeug und Ersatzlampen.<\/p>\n","protected":false},"excerpt":{"rendered":"<p>Was nimmt man auf eine solche Reise mit? Bei unseren bisherigen Motorradreisen hatten wir meistens doch etwas zu viel eingepackt. In der Mongolei waren wir klar \u00fcberladen, was uns dann auch Probleme auf der Sandpiste bereitete. Diesmal soll es daher weniger sein. Neben den pers\u00f6nlichen Dingen wie Bekleidung, Medikamente und Toiletteartikel stehen die folgenden Dinge &hellip; <\/p>\n<p class=\"link-more\"><a href=\"https:\/\/mudokwan.at\/downunder\/?page_id=71\" class=\"more-link\"><span class=\"screen-reader-text\">\u201eDie Ausr\u00fcstung\u201c <\/span>weiterlesen<\/a><\/p>\n","protected":false},"author":1,"featured_media":73,"parent":0,"menu_order":0,"comment_status":"closed","ping_status":"closed","template":"","meta":{"footnotes":""},"class_list":["post-71","page","type-page","status-publish","has-post-thumbnail","hentry"],"_links":{"self":[{"href":"https:\/\/mudokwan.at\/downunder\/index.php?rest_route=\/wp\/v2\/pages\/71","targetHints":{"allow":["GET"]}}],"collection":[{"href":"https:\/\/mudokwan.at\/downunder\/index.php?rest_route=\/wp\/v2\/pages"}],"about":[{"href":"https:\/\/mudokwan.at\/downunder\/index.php?rest_route=\/wp\/v2\/types\/page"}],"author":[{"embeddable":true,"href":"https:\/\/mudokwan.at\/downunder\/index.php?rest_route=\/wp\/v2\/users\/1"}],"replies":[{"embeddable":true,"href":"https:\/\/mudokwan.at\/downunder\/index.php?rest_route=%2Fwp%2Fv2%2Fcomments&post=71"}],"version-history":[{"count":5,"href":"https:\/\/mudokwan.at\/downunder\/index.php?rest_route=\/wp\/v2\/pages\/71\/revisions"}],"predecessor-version":[{"id":120,"href":"https:\/\/mudokwan.at\/downunder\/index.php?rest_route=\/wp\/v2\/pages\/71\/revisions\/120"}],"wp:featuredmedia":[{"embeddable":true,"href":"https:\/\/mudokwan.at\/downunder\/index.php?rest_route=\/wp\/v2\/media\/73"}],"wp:attachment":[{"href":"https:\/\/mudokwan.at\/downunder\/index.php?rest_route=%2Fwp%2Fv2%2Fmedia&parent=71"}],"curies":[{"name":"wp","href":"https:\/\/api.w.org\/{rel}","templated":true}]}}