{"id":57,"date":"2019-04-30T10:58:14","date_gmt":"2019-04-30T08:58:14","guid":{"rendered":"http:\/\/mudokwan.at\/downunder\/?page_id=57"},"modified":"2019-04-30T11:06:52","modified_gmt":"2019-04-30T09:06:52","slug":"die-route","status":"publish","type":"page","link":"https:\/\/mudokwan.at\/downunder\/?page_id=57","title":{"rendered":"Die Route"},"content":{"rendered":"\n<p>Von Sydney aus wollen wir Australien im Uhrzeigersinn umrunden. Nat\u00fcrlich darf ein Abstecher nach Alice Springs nicht fehlen. Google Maps zeigt f\u00fcr die geplante Strecke etwas \u00fcber 15.000 km an. In drei Monaten sollte das zu schaffen sein, wobei auch noch diverse Urlaubstage unterwegs eingeplant sind.<\/p>\n\n\n\n<p>Die BMW kommt per Spedition nach Sydney und wird dann auch wieder zur\u00fcck verschifft. Wir fliegen wahrscheinlich zuerst nach Korea und dann von dort nach Australien.<\/p>\n","protected":false},"excerpt":{"rendered":"<p>Von Sydney aus wollen wir Australien im Uhrzeigersinn umrunden. Nat\u00fcrlich darf ein Abstecher nach Alice Springs nicht fehlen. Google Maps zeigt f\u00fcr die geplante Strecke etwas \u00fcber 15.000 km an. In drei Monaten sollte das zu schaffen sein, wobei auch noch diverse Urlaubstage unterwegs eingeplant sind. Die BMW kommt per Spedition nach Sydney und wird &hellip; <\/p>\n<p class=\"link-more\"><a href=\"https:\/\/mudokwan.at\/downunder\/?page_id=57\" class=\"more-link\"><span class=\"screen-reader-text\">\u201eDie Route\u201c <\/span>weiterlesen<\/a><\/p>\n","protected":false},"author":1,"featured_media":58,"parent":0,"menu_order":0,"comment_status":"closed","ping_status":"closed","template":"","meta":{"footnotes":""},"class_list":["post-57","page","type-page","status-publish","has-post-thumbnail","hentry"],"_links":{"self":[{"href":"https:\/\/mudokwan.at\/downunder\/index.php?rest_route=\/wp\/v2\/pages\/57","targetHints":{"allow":["GET"]}}],"collection":[{"href":"https:\/\/mudokwan.at\/downunder\/index.php?rest_route=\/wp\/v2\/pages"}],"about":[{"href":"https:\/\/mudokwan.at\/downunder\/index.php?rest_route=\/wp\/v2\/types\/page"}],"author":[{"embeddable":true,"href":"https:\/\/mudokwan.at\/downunder\/index.php?rest_route=\/wp\/v2\/users\/1"}],"replies":[{"embeddable":true,"href":"https:\/\/mudokwan.at\/downunder\/index.php?rest_route=%2Fwp%2Fv2%2Fcomments&post=57"}],"version-history":[{"count":2,"href":"https:\/\/mudokwan.at\/downunder\/index.php?rest_route=\/wp\/v2\/pages\/57\/revisions"}],"predecessor-version":[{"id":66,"href":"https:\/\/mudokwan.at\/downunder\/index.php?rest_route=\/wp\/v2\/pages\/57\/revisions\/66"}],"wp:featuredmedia":[{"embeddable":true,"href":"https:\/\/mudokwan.at\/downunder\/index.php?rest_route=\/wp\/v2\/media\/58"}],"wp:attachment":[{"href":"https:\/\/mudokwan.at\/downunder\/index.php?rest_route=%2Fwp%2Fv2%2Fmedia&parent=57"}],"curies":[{"name":"wp","href":"https:\/\/api.w.org\/{rel}","templated":true}]}}