{"id":10,"date":"2019-04-28T23:02:25","date_gmt":"2019-04-28T21:02:25","guid":{"rendered":"http:\/\/mudokwan.at\/downunder\/?page_id=10"},"modified":"2019-04-30T10:34:20","modified_gmt":"2019-04-30T08:34:20","slug":"kontakt","status":"publish","type":"page","link":"https:\/\/mudokwan.at\/downunder\/?page_id=10","title":{"rendered":"Kontakt"},"content":{"rendered":"<p>Wir w\u00fcrden uns \u00fcber Kommentare zu unserem Blog sehr freuen. Alternativ k\u00f6nnt ihr uns auch gerne ein Mail schicken:<\/p>\n<p><a href=\"mailto:office@mudokwan.at\">office@mudokwan.at<\/a><\/p>\n","protected":false},"excerpt":{"rendered":"<p>Wir w\u00fcrden uns \u00fcber Kommentare zu unserem Blog sehr freuen. Alternativ k\u00f6nnt ihr uns auch gerne ein Mail schicken: office@mudokwan.at<\/p>\n","protected":false},"author":1,"featured_media":49,"parent":0,"menu_order":0,"comment_status":"closed","ping_status":"closed","template":"","meta":{"footnotes":""},"class_list":["post-10","page","type-page","status-publish","has-post-thumbnail","hentry"],"_links":{"self":[{"href":"https:\/\/mudokwan.at\/downunder\/index.php?rest_route=\/wp\/v2\/pages\/10","targetHints":{"allow":["GET"]}}],"collection":[{"href":"https:\/\/mudokwan.at\/downunder\/index.php?rest_route=\/wp\/v2\/pages"}],"about":[{"href":"https:\/\/mudokwan.at\/downunder\/index.php?rest_route=\/wp\/v2\/types\/page"}],"author":[{"embeddable":true,"href":"https:\/\/mudokwan.at\/downunder\/index.php?rest_route=\/wp\/v2\/users\/1"}],"replies":[{"embeddable":true,"href":"https:\/\/mudokwan.at\/downunder\/index.php?rest_route=%2Fwp%2Fv2%2Fcomments&post=10"}],"version-history":[{"count":2,"href":"https:\/\/mudokwan.at\/downunder\/index.php?rest_route=\/wp\/v2\/pages\/10\/revisions"}],"predecessor-version":[{"id":56,"href":"https:\/\/mudokwan.at\/downunder\/index.php?rest_route=\/wp\/v2\/pages\/10\/revisions\/56"}],"wp:featuredmedia":[{"embeddable":true,"href":"https:\/\/mudokwan.at\/downunder\/index.php?rest_route=\/wp\/v2\/media\/49"}],"wp:attachment":[{"href":"https:\/\/mudokwan.at\/downunder\/index.php?rest_route=%2Fwp%2Fv2%2Fmedia&parent=10"}],"curies":[{"name":"wp","href":"https:\/\/api.w.org\/{rel}","templated":true}]}}